{"id":6,"date":"2007-12-12T01:54:03","date_gmt":"2007-12-11T23:54:03","guid":{"rendered":"http:\/\/www.zamrowski.eu\/wordpress\/haftungsausschluss\/"},"modified":"2009-11-01T00:38:03","modified_gmt":"2009-10-31T22:38:03","slug":"haftungsausschluss","status":"publish","type":"page","link":"http:\/\/www.zamrowski.eu\/?page_id=6","title":{"rendered":"Haftungsausschluss"},"content":{"rendered":"<p>Alle Angaben auf den Seiten wurden sorgf\u00e4ltig recherchiert und gepr\u00fcft. Allerdings kann keine Haftung f\u00fcr die Richtigkeit und Vollst\u00e4ndigkeit der Informationen und Verweise (Links) \u00fcbernommen werden. Der Autor distanziert sich hiermit ausdr\u00fccklich von allen Sch\u00e4den, die m\u00f6glicherweise dadurch entstehen, dass Nutzer den Informationen glauben oder ihnen misstrauen, oder dass Nutzer Verweise auf den Seiten benutzen. Zum Zeitpunkt des Linksetzens hat der Autor die verlinkten Seiten angesehen und f\u00fcr gut befunden. Wenn sich danach der Inhalt der verlinkten Seite \u00e4ndert, kann er daf\u00fcr nicht haftbar gemacht werden, es sei denn, der Autor wurde darauf aufmerksam gemacht.<\/p>\n<p>Die Rechte f\u00fcr den Inhalt auf den Seiten liegen beim Autor. Texte, Grafiken und Daten anderer Urheber sind jeweils gekennzeichnet. Das Kopieren und Weitergeben des Dokuments ist erlaubt. Bedingung bei allen Ver\u00f6ffentlichungen ist, dass das Dokument stets in vollst\u00e4ndiger Form (mit allen Dateien) und in unver\u00e4nderter Form ver\u00f6ffentlicht wird. Nicht erlaubt ist das Einbetten in fremde Framesets. Das \u00c4ndern des Dokuments ist generell nicht erlaubt. Das gilt sowohl f\u00fcr den Inhalt als auch f\u00fcr das Dateiformat. Auch das Entfernen unliebsamer Passagen ist nicht erlaubt. Ausnahmen f\u00fcr die Weitergabe und Ver\u00f6ffentlichung sind Umgebungen (z.B. der \u00fcbrige Inhalt der CD-ROM oder der \u00fcbrige Inhalt des Web-Angebots), die illegale, volksverhetzende oder rassistische Inhalte, sowie nazistische Inhalte, kinderpornografische Inhalte oder fundamentalistisch-religi\u00f6se Inhalte haben.<\/p>\n","protected":false},"excerpt":{"rendered":"<p>Alle Angaben auf den Seiten wurden sorgf\u00e4ltig recherchiert und gepr\u00fcft. Allerdings kann keine Haftung f\u00fcr die Richtigkeit und Vollst\u00e4ndigkeit der Informationen und Verweise (Links) \u00fcbernommen werden. Der Autor distanziert sich hiermit ausdr\u00fccklich von allen Sch\u00e4den, die m\u00f6glicherweise dadurch entstehen, dass Nutzer den Informationen glauben oder ihnen misstrauen, oder dass Nutzer Verweise auf den Seiten benutzen. [&hellip;]<\/p>\n","protected":false},"author":1,"featured_media":0,"parent":0,"menu_order":4,"comment_status":"closed","ping_status":"closed","template":"special.php","meta":{"footnotes":""},"class_list":["post-6","page","type-page","status-publish","hentry"],"_links":{"self":[{"href":"http:\/\/www.zamrowski.eu\/index.php?rest_route=\/wp\/v2\/pages\/6","targetHints":{"allow":["GET"]}}],"collection":[{"href":"http:\/\/www.zamrowski.eu\/index.php?rest_route=\/wp\/v2\/pages"}],"about":[{"href":"http:\/\/www.zamrowski.eu\/index.php?rest_route=\/wp\/v2\/types\/page"}],"author":[{"embeddable":true,"href":"http:\/\/www.zamrowski.eu\/index.php?rest_route=\/wp\/v2\/users\/1"}],"replies":[{"embeddable":true,"href":"http:\/\/www.zamrowski.eu\/index.php?rest_route=%2Fwp%2Fv2%2Fcomments&post=6"}],"version-history":[{"count":0,"href":"http:\/\/www.zamrowski.eu\/index.php?rest_route=\/wp\/v2\/pages\/6\/revisions"}],"wp:attachment":[{"href":"http:\/\/www.zamrowski.eu\/index.php?rest_route=%2Fwp%2Fv2%2Fmedia&parent=6"}],"curies":[{"name":"wp","href":"https:\/\/api.w.org\/{rel}","templated":true}]}}